{"id":319,"date":"2021-07-02T07:17:41","date_gmt":"2021-07-02T07:17:41","guid":{"rendered":"https:\/\/onka.es\/politica-de-privacidad\/"},"modified":"2021-09-30T14:09:19","modified_gmt":"2021-09-30T14:09:19","slug":"politica-de-privacidad","status":"publish","type":"page","link":"https:\/\/onka.es\/en\/politica-de-privacidad\/","title":{"rendered":"Privacy Policy"},"content":{"rendered":"\n<p>The purpose of this Privacy Policy is to disclose how we collect, process and protect personal data provided through our website or blog (hereinafter Website) and you are free to decide whether you want us to process it.&#13;\n&#13;\n<\/p>\n\n<h2 class=\"wp-block-heading\">Information Society Services Provider \/ Responsible Party Data<\/h2>\n\n<p>Our name: Onka Entreprise, S.L.<\/p>\n\n<p>Our CIF: B98959380<\/p>\n\n<p>Our main activity: Manufacture of furniture and textiles.<\/p>\n\n<p>Nuestra direcci\u00f3n:\u00a0C\/ MUSICO VERT, 24 &#8211; 13, 46870 Ontinyent, Valencia, Espa\u00f1a<\/p>\n\n<p>Our contact phone number:\u00a0+34 695 20 86 12<\/p>\n\n<p>Our contact e-mail address:\u00a0info@onka.es<\/p>\n\n<p>Web site:\u00a0onka.es<\/p>\n\n<p>Registration data: Commercial Registry \/ Public Registry:  de Valencia, Bolet\u00edn 246, Tomo 10415, Libro 7696, Folio 101, Secci\u00f3n 8, Hoja 179365, Inscripci\u00f3n 1.<\/p>\n\n<h2 class=\"wp-block-heading\">Processing of personal data<\/h2>\n\n<p>The personal data you have provided will be treated confidentially and will be incorporated into the corresponding processing activity owned by our company.<\/p>\n\n<p>We request those data essential to fulfill your request, invoice if you make a purchase or contract or maintain the relationship with you in case you request it or when we are obliged to provide services and \/ or meet your purchases on this website.<\/p>\n\n<h2 class=\"wp-block-heading\">Purpose<\/h2>\n\n<p>Your personal data will be processed for the sole purpose of fulfilling your requests.<\/p>\n\n<p>We do not send advertising without the user&#8217;s prior consent.<\/p>\n\n<h2 class=\"wp-block-heading\">Legitimation<\/h2>\n\n<p>The processing of your data is carried out on the following bases:<\/p>\n\n<p>&#8211; The request for information, application for employment and\/or contracting of our services and\/or purchase of products.&#13;\n&#13;\n&#13;\n&#13;\n&#13;\n&#13;\n<\/p>\n\n<p>&#8211; Free, specific, informed and unequivocal consent, since we inform you of this privacy policy, which after reading it and if you agree, you can accept by checking the boxes provided for this purpose.<\/p>\n\n<p>You may change your mind at any time and withdraw your consent.<\/p>\n\n<h2 class=\"wp-block-heading\">Security Measures<\/h2>\n\n<p>Our company has implemented all the necessary technical and organizational measures to protect the personal data processed, avoiding its loss, theft or unauthorized use.<\/p>\n\n<p>These measures are periodically verified in our specific regulatory compliance controls.&#13;\n<\/p>\n\n<h2 class=\"wp-block-heading\">Data Retention<\/h2>\n\n<p>The personal data provided will be kept for the time necessary to fulfill the purpose for which they are collected and to determine the possible responsibilities that may arise from the purpose..<\/p>\n\n<p>In the case of job applications, they will be kept for a maximum period of 1 year or until the data subject asks us to delete his or her data.<\/p>\n\n<h2 class=\"wp-block-heading\">Rights of interested parties<\/h2>\n\n<p>You have the right to know if our entity is processing your personal data; therefore, you have the right to access your data, rectify it if it is inaccurate or request its deletion when the data is no longer necessary.<\/p>\n\n<p>You can also exercise your right of limitation or portability if you deem it convenient and to do so you can do so in writing to our company by email to info@onka.es attaching a copy of your ID to identify you.<\/p>\n\n<p>If you have any suggestions or questions about the processing of your data, you can contact our data protection consultants here.<\/p>\n\n<p>If you want to make a claim for understanding that your rights have been violated, you can do so before the Spanish Data Protection Agency.<\/p>\n\n<h2 class=\"wp-block-heading\">Profiling<\/h2>\n\n<p>We do not create profiles using your personal data, but if we do, you will be informed and asked for permission to do so.<\/p>\n\n<p>Likewise, you have the right to object to this type of processing at any time.<\/p>\n\n<h2 class=\"wp-block-heading\">Transfer of data<\/h2>\n\n<p>Your personal data will not be transferred to other countries or third parties except in cases where there is a legal obligation.<\/p>\n\n<p>In case of purchase of products or contracting of services, your personal data may be transferred to those entities necessary to deliver the products purchased or provide our services.<\/p>\n\n<p>Our bank will know your data for the management of the collection of products or services, as well as those responsible for the processing necessary for the execution of contracts and \/ or purchases.<\/p>\n\n<p>In case of transfers to other entities or to other countries, we will inform you and ask for your prior consent.<\/p>\n","protected":false},"excerpt":{"rendered":"<p>The purpose of this Privacy Policy is to disclose how we collect, process and protect personal data provided through our website or blog (hereinafter Website) and you are free to decide whether you want us to process it.&#13; &#13; Information Society Services Provider \/ Responsible Party Data Our name: Onka Entreprise, S.L. Our CIF: B98959380 [&hellip;]<\/p>\n","protected":false},"author":2,"featured_media":0,"parent":0,"menu_order":0,"comment_status":"closed","ping_status":"closed","template":"","meta":[],"_links":{"self":[{"href":"https:\/\/onka.es\/en\/wp-json\/wp\/v2\/pages\/319"}],"collection":[{"href":"https:\/\/onka.es\/en\/wp-json\/wp\/v2\/pages"}],"about":[{"href":"https:\/\/onka.es\/en\/wp-json\/wp\/v2\/types\/page"}],"author":[{"embeddable":true,"href":"https:\/\/onka.es\/en\/wp-json\/wp\/v2\/users\/2"}],"replies":[{"embeddable":true,"href":"https:\/\/onka.es\/en\/wp-json\/wp\/v2\/comments?post=319"}],"version-history":[{"count":4,"href":"https:\/\/onka.es\/en\/wp-json\/wp\/v2\/pages\/319\/revisions"}],"predecessor-version":[{"id":1810,"href":"https:\/\/onka.es\/en\/wp-json\/wp\/v2\/pages\/319\/revisions\/1810"}],"wp:attachment":[{"href":"https:\/\/onka.es\/en\/wp-json\/wp\/v2\/media?parent=319"}],"curies":[{"name":"wp","href":"https:\/\/api.w.org\/{rel}","templated":true}]}}